{"id":213,"date":"2024-10-01T08:58:39","date_gmt":"2024-10-01T08:58:39","guid":{"rendered":"https:\/\/ayurlifeflow.com\/staging\/?page_id=213"},"modified":"2024-12-09T06:00:16","modified_gmt":"2024-12-09T06:00:16","slug":"ueber-mich","status":"publish","type":"page","link":"https:\/\/ayurlifeflow.com\/staging\/ueber-mich\/","title":{"rendered":"\u00dcber mich"},"content":{"rendered":"\t\t<div data-elementor-type=\"wp-page\" data-elementor-id=\"213\" class=\"elementor elementor-213\" data-elementor-post-type=\"page\">\n\t\t\t\t<div class=\"elementor-element elementor-element-5a56e55 e-flex e-con-boxed e-con e-parent\" data-id=\"5a56e55\" data-element_type=\"container\" data-settings=\"{&quot;background_background&quot;:&quot;classic&quot;,&quot;_ha_eqh_enable&quot;:false}\">\n\t\t\t\t\t<div class=\"e-con-inner\">\n\t\t\t\t<div class=\"elementor-element elementor-element-41b9759 elementor-widget elementor-widget-spacer\" data-id=\"41b9759\" data-element_type=\"widget\" data-widget_type=\"spacer.default\">\n\t\t\t\t<div class=\"elementor-widget-container\">\n\t\t\t\t\t\t\t<div class=\"elementor-spacer\">\n\t\t\t<div class=\"elementor-spacer-inner\"><\/div>\n\t\t<\/div>\n\t\t\t\t\t\t<\/div>\n\t\t\t\t<\/div>\n\t\t\t\t\t<\/div>\n\t\t\t\t<\/div>\n\t\t<div class=\"elementor-element elementor-element-7810791 e-flex e-con-boxed e-con e-parent\" data-id=\"7810791\" data-element_type=\"container\" data-settings=\"{&quot;background_background&quot;:&quot;gradient&quot;,&quot;_ha_eqh_enable&quot;:false}\">\n\t\t\t\t\t<div class=\"e-con-inner\">\n\t\t<div class=\"elementor-element elementor-element-a53d396 e-con-full e-flex e-con e-child\" data-id=\"a53d396\" data-element_type=\"container\" data-settings=\"{&quot;_ha_eqh_enable&quot;:false}\">\n\t\t\t\t<div class=\"elementor-element elementor-element-b3828b2 elementor-widget elementor-widget-spacer\" data-id=\"b3828b2\" data-element_type=\"widget\" data-widget_type=\"spacer.default\">\n\t\t\t\t<div class=\"elementor-widget-container\">\n\t\t\t\t\t\t\t<div class=\"elementor-spacer\">\n\t\t\t<div class=\"elementor-spacer-inner\"><\/div>\n\t\t<\/div>\n\t\t\t\t\t\t<\/div>\n\t\t\t\t<\/div>\n\t\t\t\t<div class=\"elementor-element elementor-element-e7eeaae elementor-widget elementor-widget-image\" data-id=\"e7eeaae\" data-element_type=\"widget\" data-widget_type=\"image.default\">\n\t\t\t\t<div class=\"elementor-widget-container\">\n\t\t\t\t\t\t\t\t\t\t\t\t\t\t\t<img fetchpriority=\"high\" decoding=\"async\" width=\"800\" height=\"671\" src=\"https:\/\/ayurlifeflow.com\/staging\/wp-content\/uploads\/2024\/10\/Kein-Titel-Facebook-Beitrag.png\" class=\"attachment-large size-large wp-image-195\" alt=\"\" srcset=\"https:\/\/ayurlifeflow.com\/staging\/wp-content\/uploads\/2024\/10\/Kein-Titel-Facebook-Beitrag.png 940w, https:\/\/ayurlifeflow.com\/staging\/wp-content\/uploads\/2024\/10\/Kein-Titel-Facebook-Beitrag-300x251.png 300w, https:\/\/ayurlifeflow.com\/staging\/wp-content\/uploads\/2024\/10\/Kein-Titel-Facebook-Beitrag-768x644.png 768w\" sizes=\"(max-width: 800px) 100vw, 800px\" \/>\t\t\t\t\t\t\t\t\t\t\t\t\t\t\t<\/div>\n\t\t\t\t<\/div>\n\t\t\t\t<\/div>\n\t\t<div class=\"elementor-element elementor-element-9eb5f97 e-con-full e-flex e-con e-child\" data-id=\"9eb5f97\" data-element_type=\"container\" data-settings=\"{&quot;_ha_eqh_enable&quot;:false}\">\n\t\t\t\t<div class=\"elementor-element elementor-element-71263bc elementor-widget elementor-widget-spacer\" data-id=\"71263bc\" data-element_type=\"widget\" data-widget_type=\"spacer.default\">\n\t\t\t\t<div class=\"elementor-widget-container\">\n\t\t\t\t\t\t\t<div class=\"elementor-spacer\">\n\t\t\t<div class=\"elementor-spacer-inner\"><\/div>\n\t\t<\/div>\n\t\t\t\t\t\t<\/div>\n\t\t\t\t<\/div>\n\t\t\t\t<div class=\"elementor-element elementor-element-7bbe346 elementor-widget elementor-widget-text-editor\" data-id=\"7bbe346\" data-element_type=\"widget\" data-widget_type=\"text-editor.default\">\n\t\t\t\t<div class=\"elementor-widget-container\">\n\t\t\t\t\t\t\t\t\t<p>In einer Welt, in der wir h\u00e4ufig im Fight-or-Flight Modus sind, Hektik und Stress unseren Alltag bestimmt, m\u00f6chte ich verhelfen wieder zur inneren Balance zur\u00fcck zu finden.<\/p><p>Noch nie war ich ein Fan von strikten Strukturen, allgemeinen Aussagen und dogmatischen Konzepten. Ich wollte kein \u201eDas ist gut\u201c oder \u201eDas ist schlecht!\u201c. Im Ayurveda wird jeder als Individuum gesehen auf dessen Bed\u00fcrfnisse spezifisch eingegangen wird. Genau das ist f\u00fcr mich ganzheitlich!<\/p><p>Durch einen vorherigen Burnout, habe ich gelernt, wie man Schritt f\u00fcr Schritt mit bestimmten Anpassungen der Ern\u00e4hrung und des Lebensstils, mit Achtsamkeit und Liebe wieder zur\u00fcck zur Gelassenheit kehren kann. Eine individuell angepasste Ern\u00e4hrung, Ruhephasen und wohltuende Behandlungen wie Selbstmassagen sind der Grundbaustein f\u00fcr ein gesundes Leben.<\/p><p>All meine Erfahrungen m\u00f6chte ich nun weitergeben.<\/p>\t\t\t\t\t\t\t\t<\/div>\n\t\t\t\t<\/div>\n\t\t\t\t<\/div>\n\t\t\t\t\t<\/div>\n\t\t\t\t<\/div>\n\t\t<div class=\"elementor-element elementor-element-e7afd5d e-flex e-con-boxed e-con e-parent\" data-id=\"e7afd5d\" data-element_type=\"container\" data-settings=\"{&quot;background_background&quot;:&quot;classic&quot;,&quot;_ha_eqh_enable&quot;:false}\">\n\t\t\t\t\t<div class=\"e-con-inner\">\n\t\t<div class=\"elementor-element elementor-element-58a3f50 e-con-full e-flex e-con e-child\" data-id=\"58a3f50\" data-element_type=\"container\" data-settings=\"{&quot;_ha_eqh_enable&quot;:false}\">\n\t\t\t\t<div class=\"elementor-element elementor-element-c49131d elementor-hidden-desktop elementor-widget elementor-widget-html\" data-id=\"c49131d\" data-element_type=\"widget\" data-widget_type=\"html.default\">\n\t\t\t\t<div class=\"elementor-widget-container\">\n\t\t\t\t\t<!DOCTYPE html>\n<html lang=\"de\">\n<head>\n    <meta charset=\"UTF-8\">\n    <meta name=\"viewport\" content=\"width=device-width, initial-scale=1.0\">\n    <title>Foto-Effekt<\/title>\n    <link href=\"https:\/\/fonts.googleapis.com\/css2?family=Tenor+Sans&display=swap\" rel=\"stylesheet\">\n    <style>\n        body {\n            font-family: 'Tenor Sans', sans-serif;\n        }\n\n        .foto-rahmen {\n            width: 650px;\n            padding: 10px;\n            background-color: white;\n            box-shadow: 5px 5px 15px rgba(0, 0, 0, 0.2);\n            text-align: center;\n            margin: 20px;\n            margin-left: 50px; \/* Linker Abstand hinzugef\u00fcgt *\/\n            transform: rotate(5deg);\n        }\n\n        .foto-rahmen img {\n            width: 100%;\n            height: auto;\n        }\n\n        .bildunterschrift {\n            margin-top: 10px;\n            font-size: 18px;\n            font-weight: bold;\n            color: #000;\n        }\n    <\/style>\n<\/head>\n<body>\n\n    <div class=\"foto-rahmen\">\n        <img decoding=\"async\" src=\"https:\/\/ayurlifeflow.com\/staging\/wp-content\/uploads\/2024\/10\/DSC00521-scaled-1.jpg\" alt=\"Jutta\">\n        <div class=\"bildunterschrift\">Mein Weg zu<br>Ayurveda<\/div>\n    <\/div>\n\n<\/body>\n<\/html>\n\n\t\t\t\t<\/div>\n\t\t\t\t<\/div>\n\t\t\t\t<div class=\"elementor-element elementor-element-2ad935e elementor-widget elementor-widget-text-editor\" data-id=\"2ad935e\" data-element_type=\"widget\" data-widget_type=\"text-editor.default\">\n\t\t\t\t<div class=\"elementor-widget-container\">\n\t\t\t\t\t\t\t\t\t<div class=\"et_pb_module et_pb_text et_pb_text_3  et_pb_text_align_left et_pb_bg_layout_light\"><div class=\"et_pb_text_inner\"><p>Nach vielen Reisen nach Sri Lanka, wo der Ayurveda selbstverst\u00e4ndlicher Teil des Alltags und der Medizin ist, sp\u00fcrte ich, dass genau das, das Richtige f\u00fcr mich ist.<\/p><p>Anders als in der westlichen Welt, werden nicht einfach nur Symptome behandelt, sondern tief nach der Ursache geschaut. Dadurch schafft der Ayurveda eine langfristige L\u00f6sung.<\/p><p>Ayurveda ist so vielseitig, dass er einfach Spa\u00df macht! Kreatives Kochen, achtsames Leben- sanft und unkompliziert. Ayurveda ist eine Lebenseinstellung, die verhilft voll und ganz in meine Energie zu tauchen und jeden Moment zu genie\u00dfen.<\/p><p>Ayurveda hat mir aufgezeigt, warum ich bin, wie ich bin und wie ich mein volles Potenzial aussch\u00f6pfen kann.<\/p><p>2020 entschied ich mich dann zur Ausbildung zur Ayurveda Ern\u00e4hrungs- und Gesundheitsberaterin am Ayurveda Campus in Schwerin bei Bastian Wittig. Hier m\u00f6chte ich in Zukunft zudem noch den ayurvedischen Psychologen machen.<\/p><p>2021 folgte dann eine Yin Yoga Ausbildung bei Mirjam Wagner.<\/p><p>Ich freue mich, nun meine Passion und Erfahrungen zu teilen, um auch dir zu verhelfen dein wahres Ich zu leben und in Einklang mit dir und der Natur zu kommen.<\/p><\/div><\/div>\t\t\t\t\t\t\t\t<\/div>\n\t\t\t\t<\/div>\n\t\t\t\t<div class=\"elementor-element elementor-element-919582a elementor-align-justify elementor-widget elementor-widget-button\" data-id=\"919582a\" data-element_type=\"widget\" data-widget_type=\"button.default\">\n\t\t\t\t<div class=\"elementor-widget-container\">\n\t\t\t\t\t\t\t\t\t<div class=\"elementor-button-wrapper\">\n\t\t\t\t\t<a class=\"elementor-button elementor-button-link elementor-size-sm\" href=\"https:\/\/ayurlifeflow.com\/staging\/kontakt\/\">\n\t\t\t\t\t\t<span class=\"elementor-button-content-wrapper\">\n\t\t\t\t\t\t\t\t\t<span class=\"elementor-button-text\">Hier kannst du mit mir Arbeiten<\/span>\n\t\t\t\t\t<\/span>\n\t\t\t\t\t<\/a>\n\t\t\t\t<\/div>\n\t\t\t\t\t\t\t\t<\/div>\n\t\t\t\t<\/div>\n\t\t\t\t<div class=\"elementor-element elementor-element-2a7ca57 elementor-widget elementor-widget-spacer\" data-id=\"2a7ca57\" data-element_type=\"widget\" data-widget_type=\"spacer.default\">\n\t\t\t\t<div class=\"elementor-widget-container\">\n\t\t\t\t\t\t\t<div class=\"elementor-spacer\">\n\t\t\t<div class=\"elementor-spacer-inner\"><\/div>\n\t\t<\/div>\n\t\t\t\t\t\t<\/div>\n\t\t\t\t<\/div>\n\t\t\t\t<\/div>\n\t\t<div class=\"elementor-element elementor-element-fbc9666 e-con-full e-flex e-con e-child\" data-id=\"fbc9666\" data-element_type=\"container\" data-settings=\"{&quot;_ha_eqh_enable&quot;:false}\">\n\t\t\t\t<div class=\"elementor-element elementor-element-ce8b265 elementor-hidden-tablet elementor-hidden-mobile elementor-widget elementor-widget-html\" data-id=\"ce8b265\" data-element_type=\"widget\" data-widget_type=\"html.default\">\n\t\t\t\t<div class=\"elementor-widget-container\">\n\t\t\t\t\t<!DOCTYPE html>\n<html lang=\"de\">\n<head>\n    <meta charset=\"UTF-8\">\n    <meta name=\"viewport\" content=\"width=device-width, initial-scale=1.0\">\n    <title>Foto-Effekt<\/title>\n    <link href=\"https:\/\/fonts.googleapis.com\/css2?family=Tenor+Sans&display=swap\" rel=\"stylesheet\">\n    <style>\n        body {\n            font-family: 'Tenor Sans', sans-serif;\n        }\n\n        .foto-rahmen {\n            width: 650px;\n            padding: 10px;\n            background-color: white;\n            box-shadow: 5px 5px 15px rgba(0, 0, 0, 0.2);\n            text-align: center;\n            margin: 20px;\n            margin-left: 50px; \/* Linker Abstand hinzugef\u00fcgt *\/\n            transform: rotate(5deg);\n        }\n\n        .foto-rahmen img {\n            width: 100%;\n            height: auto;\n        }\n\n        .bildunterschrift {\n            margin-top: 10px;\n            font-size: 18px;\n            font-weight: bold;\n            color: #000;\n        }\n    <\/style>\n<\/head>\n<body>\n\n    <div class=\"foto-rahmen\">\n        <img decoding=\"async\" src=\"https:\/\/ayurlifeflow.com\/staging\/wp-content\/uploads\/2024\/10\/DSC00521-scaled-1.jpg\" alt=\"Jutta\">\n        <div class=\"bildunterschrift\">Mein Weg zu<br>Ayurveda<\/div>\n    <\/div>\n\n<\/body>\n<\/html>\n\n\t\t\t\t<\/div>\n\t\t\t\t<\/div>\n\t\t\t\t<\/div>\n\t\t\t\t\t<\/div>\n\t\t\t\t<\/div>\n\t\t\t\t<\/div>\n\t\t","protected":false},"excerpt":{"rendered":"<p>In einer Welt, in der wir h\u00e4ufig im Fight-or-Flight Modus sind, Hektik und Stress unseren Alltag bestimmt, m\u00f6chte ich verhelfen wieder zur inneren Balance zur\u00fcck zu finden. Noch nie war ich ein Fan von strikten Strukturen, allgemeinen Aussagen und dogmatischen Konzepten. Ich wollte kein \u201eDas ist gut\u201c oder \u201eDas ist schlecht!\u201c. Im Ayurveda wird jeder [&hellip;]<\/p>\n","protected":false},"author":1,"featured_media":0,"parent":0,"menu_order":0,"comment_status":"closed","ping_status":"closed","template":"","meta":{"footnotes":""},"class_list":["post-213","page","type-page","status-publish","hentry"],"_links":{"self":[{"href":"https:\/\/ayurlifeflow.com\/staging\/wp-json\/wp\/v2\/pages\/213","targetHints":{"allow":["GET"]}}],"collection":[{"href":"https:\/\/ayurlifeflow.com\/staging\/wp-json\/wp\/v2\/pages"}],"about":[{"href":"https:\/\/ayurlifeflow.com\/staging\/wp-json\/wp\/v2\/types\/page"}],"author":[{"embeddable":true,"href":"https:\/\/ayurlifeflow.com\/staging\/wp-json\/wp\/v2\/users\/1"}],"replies":[{"embeddable":true,"href":"https:\/\/ayurlifeflow.com\/staging\/wp-json\/wp\/v2\/comments?post=213"}],"version-history":[{"count":0,"href":"https:\/\/ayurlifeflow.com\/staging\/wp-json\/wp\/v2\/pages\/213\/revisions"}],"wp:attachment":[{"href":"https:\/\/ayurlifeflow.com\/staging\/wp-json\/wp\/v2\/media?parent=213"}],"curies":[{"name":"wp","href":"https:\/\/api.w.org\/{rel}","templated":true}]}}